{"id":72,"date":"2024-06-07T09:40:20","date_gmt":"2024-06-07T09:40:20","guid":{"rendered":"http:\/\/birkerod-larsen.dk\/?page_id=72"},"modified":"2024-06-09T15:06:54","modified_gmt":"2024-06-09T15:06:54","slug":"vinterferie-2000","status":"publish","type":"page","link":"https:\/\/birkerod-larsen.dk\/?page_id=72","title":{"rendered":"Vinterferie 2000"},"content":{"rendered":"\n<p><\/p>\n\n\n\n<p><strong>Vinterferien \u00e5r 2000 gik til\u00a0<a href=\"http:\/\/www.gala-resort.com\" target=\"_blank\" rel=\"noreferrer noopener\">Gol\u00e5<\/a>\u00a0i Norge<\/strong><\/p>\n\n\n\n<figure class=\"wp-block-image size-full\"><img loading=\"lazy\" decoding=\"async\" width=\"800\" height=\"600\" src=\"http:\/\/birkerod-larsen.dk\/wp-content\/uploads\/2024\/06\/hytte-max.jpg\" alt=\"\" class=\"wp-image-125\" srcset=\"https:\/\/birkerod-larsen.dk\/wp-content\/uploads\/2024\/06\/hytte-max.jpg 800w, https:\/\/birkerod-larsen.dk\/wp-content\/uploads\/2024\/06\/hytte-max-300x225.jpg 300w, https:\/\/birkerod-larsen.dk\/wp-content\/uploads\/2024\/06\/hytte-max-768x576.jpg 768w\" sizes=\"auto, (max-width: 800px) 100vw, 800px\" \/><\/figure>\n\n\n\n<p>Dette er den lejede hytte i Gol\u00e5, eller G\u00e5l\u00e5, det ikke \u00f8nskede bedes overstreges. Det ser meget fredfyldt og ensomt ud. Fredfyldt var det, men ikke ensomt. Den n\u00e6rmeste anden hytte ligger ca. 10 m v\u00e6k. Som man ser af det skematiske kort nedenfor, er der ca. 50 hytter i det specielle omr\u00e5de kaldet Gol\u00e5 fjeldgrend.<\/p>\n\n\n\n<figure class=\"wp-block-image size-full\"><img loading=\"lazy\" decoding=\"async\" width=\"640\" height=\"480\" src=\"http:\/\/birkerod-larsen.dk\/wp-content\/uploads\/2024\/06\/kortgolaa-graa.jpg\" alt=\"\" class=\"wp-image-126\" srcset=\"https:\/\/birkerod-larsen.dk\/wp-content\/uploads\/2024\/06\/kortgolaa-graa.jpg 640w, https:\/\/birkerod-larsen.dk\/wp-content\/uploads\/2024\/06\/kortgolaa-graa-300x225.jpg 300w\" sizes=\"auto, (max-width: 640px) 100vw, 640px\" \/><\/figure>\n\n\n\n<p>P\u00e5 Gol\u00e5 H\u00f8jfjelds Hotel, som udlejer hytterne, fik jeg, foruden n\u00f8glen til hytten, ogs\u00e5 en kuvert med forskellige instruktioner om hytten, og dette kort tegnet udenp\u00e5. Hotellet ligger l\u00e6ngere oppe ad vejen til venstre p\u00e5 kortet, &#8211; en god kilometer. Efter at have f\u00e5et n\u00f8glen, skal man s\u00e5 tilbage af vejen, hvor receptionisten havde fortalt mig, der stod et skilt, og hun havde tegnet en lille streg. Nu st\u00e5r der skilte overalt, og der st\u00e5r noget med Gol\u00e5 hytter p\u00e5 dem alle sammen, syntes jeg. Naturligvis drejede jeg af for tidligt og k\u00f8rte lidt rundt, fandt tilbage p\u00e5 vejen og fandt den rigtige afk\u00f8rsel. Det n\u00e6ste, der sn\u00f8d mig var afstandene p\u00e5 kortet. Fra afk\u00f8rslen til venster p\u00e5 kortet og til kaf\u00e9en er der ca 2 km. Fra kaf\u00e9en og til afk\u00f8rslen op til min med cirkel markerede hytte, er der ca. 100 m. Min hytte nr. 813 var en enkeltst\u00e5ende hytte, men som man ser, er de fleste bygget sammen to og to.<\/p>\n\n\n\n<figure class=\"wp-block-image size-full\"><img loading=\"lazy\" decoding=\"async\" width=\"800\" height=\"600\" src=\"http:\/\/birkerod-larsen.dk\/wp-content\/uploads\/2024\/06\/jotunheim-max.jpg\" alt=\"\" class=\"wp-image-127\" srcset=\"https:\/\/birkerod-larsen.dk\/wp-content\/uploads\/2024\/06\/jotunheim-max.jpg 800w, https:\/\/birkerod-larsen.dk\/wp-content\/uploads\/2024\/06\/jotunheim-max-300x225.jpg 300w, https:\/\/birkerod-larsen.dk\/wp-content\/uploads\/2024\/06\/jotunheim-max-768x576.jpg 768w\" sizes=\"auto, (max-width: 800px) 100vw, 800px\" \/><\/figure>\n\n\n\n<p>\u00d8verst oppe p\u00e5 fjeldet ligger der en dagligvarebutik med alt hvad man har brug for, samt et rigt udvalg af sovenirs,- strikketr\u00f8jer, sutter af s\u00e6lskind, glas, udsk\u00e5rne trolde, samt en udstoppet elg, som jeg dog ikke tror var til salg. P\u00e5 parkeringspladsen udenfor var der en herlig udsigt over fjeldene, her i retning mod Jotumheimen. S\u00f8en hedder Gol\u00e5 Vatn som det ogs\u00e5 fremg\u00e5r af kortet.<\/p>\n\n\n\n<figure class=\"wp-block-image size-full\"><img loading=\"lazy\" decoding=\"async\" width=\"800\" height=\"600\" src=\"http:\/\/birkerod-larsen.dk\/wp-content\/uploads\/2024\/06\/skilift-max.gif\" alt=\"\" class=\"wp-image-128\"\/><\/figure>\n\n\n\n<p>Nederst i dalen, ikke langt fra kaf\u00e9en, starte Valsfjell stolheis. Den pr\u00f8vede jeg ikke. Det ser v\u00e6sentligt stejlere ud, n\u00e5r man st\u00e5r og ser p\u00e5 bakken, end billedet giver indtryk af, og s\u00e5 er det langrendsski jeg st\u00e5r p\u00e5.<\/p>\n\n\n\n<figure class=\"wp-block-image size-full is-resized\"><img loading=\"lazy\" decoding=\"async\" width=\"800\" height=\"600\" src=\"http:\/\/birkerod-larsen.dk\/wp-content\/uploads\/2024\/06\/loejpe-max.jpg\" alt=\"\" class=\"wp-image-129\" style=\"width:620px;height:auto\" srcset=\"https:\/\/birkerod-larsen.dk\/wp-content\/uploads\/2024\/06\/loejpe-max.jpg 800w, https:\/\/birkerod-larsen.dk\/wp-content\/uploads\/2024\/06\/loejpe-max-300x225.jpg 300w, https:\/\/birkerod-larsen.dk\/wp-content\/uploads\/2024\/06\/loejpe-max-768x576.jpg 768w\" sizes=\"auto, (max-width: 800px) 100vw, 800px\" \/><\/figure>\n\n\n\n<p>G\u00e5r man til den anden side fra hejsen, finder man denne l\u00f8jpe, som g\u00e5r p\u00e5 langs nederst i dalen. Den var n\u00e6rmest helt flad, hvilket passede mig helt fint. N\u00e5r det s\u00e5 er bl\u00e5 himmel, helt vindstille, minus 1 grads frost, s\u00e5 er det til at blive helt salig over. Og det var jo ikke overrendt kan man se. Uge 4 er uden for s\u00e6sonen, men s\u00e5 er det jo ogs\u00e5 til at betale.<\/p>\n\n\n\n<figure class=\"wp-block-image size-full\"><img loading=\"lazy\" decoding=\"async\" width=\"800\" height=\"600\" src=\"http:\/\/birkerod-larsen.dk\/wp-content\/uploads\/2024\/06\/koekken-max.jpg\" alt=\"\" class=\"wp-image-130\" srcset=\"https:\/\/birkerod-larsen.dk\/wp-content\/uploads\/2024\/06\/koekken-max.jpg 800w, https:\/\/birkerod-larsen.dk\/wp-content\/uploads\/2024\/06\/koekken-max-300x225.jpg 300w, https:\/\/birkerod-larsen.dk\/wp-content\/uploads\/2024\/06\/koekken-max-768x576.jpg 768w\" sizes=\"auto, (max-width: 800px) 100vw, 800px\" \/><\/figure>\n\n\n\n<p>N\u00e5r man s\u00e5 har g\u00e5et flere kilometer p\u00e5 ski, og er helt flad, s\u00e5 er det rart at komme hjem til hytten og slappe af. Man har naturligvis den b\u00e6rbare med, s\u00e5 man kan kontrollere sin e-mail. Der skulle jo n\u00f8digt ske det, at man sidder p\u00e5 et fjeld oppe i Norge og f\u00e5r Internetabstinenser. Det er i\u00f8vrigt ikke helt gratis at koble den b\u00e6rbare op over mobilen. Hurtigt er det heller ikke p\u00e5 et standard abonnement, kun 9600 bps,- men det k\u00f8rer dog.<\/p>\n\n\n\n<figure class=\"wp-block-image size-full\"><img loading=\"lazy\" decoding=\"async\" width=\"800\" height=\"600\" src=\"http:\/\/birkerod-larsen.dk\/wp-content\/uploads\/2024\/06\/solnedgang-max.jpg\" alt=\"\" class=\"wp-image-131\" srcset=\"https:\/\/birkerod-larsen.dk\/wp-content\/uploads\/2024\/06\/solnedgang-max.jpg 800w, https:\/\/birkerod-larsen.dk\/wp-content\/uploads\/2024\/06\/solnedgang-max-300x225.jpg 300w, https:\/\/birkerod-larsen.dk\/wp-content\/uploads\/2024\/06\/solnedgang-max-768x576.jpg 768w\" sizes=\"auto, (max-width: 800px) 100vw, 800px\" \/><\/figure>\n\n\n\n<p>Ved fire- femtiden, n\u00e5r solen g\u00e5r ned, g\u00e5r man en lille tur i den frostklare luft og nyder den nedg\u00e5ende sols r\u00f8de lys mellem granerne.<\/p>\n\n\n\n<figure class=\"wp-block-image size-full\"><img loading=\"lazy\" decoding=\"async\" width=\"800\" height=\"600\" src=\"http:\/\/birkerod-larsen.dk\/wp-content\/uploads\/2024\/06\/pejs-rot2.jpg\" alt=\"\" class=\"wp-image-133\" srcset=\"https:\/\/birkerod-larsen.dk\/wp-content\/uploads\/2024\/06\/pejs-rot2.jpg 800w, https:\/\/birkerod-larsen.dk\/wp-content\/uploads\/2024\/06\/pejs-rot2-300x225.jpg 300w, https:\/\/birkerod-larsen.dk\/wp-content\/uploads\/2024\/06\/pejs-rot2-768x576.jpg 768w\" sizes=\"auto, (max-width: 800px) 100vw, 800px\" \/><\/figure>\n\n\n\n<p>Endelig har man ikke v\u00e6ret rigtig i hytte i Norge, hvis man ikke har siddet foran den t\u00e6ndte pejse med en kop te (eller et eller andet) og en bog og stresset af. Det er gevaldig hyggeligt. Det er et b\u00f8vl at t\u00e6nde s\u00e5dan en, n\u00e5r man ikke har v\u00e6ret spejder, men det h\u00f8rer alts\u00e5 til. Den varmer heller ikke rigtigt, med mindre man lukker glasl\u00e5gerne, men s\u00e5 risikere man at pejsen ryger. S\u00e5dan noget r\u00f8g fra en pejs bliver st\u00e5ende som en sky omkring hytten l\u00e6nge i stille vejr, kan jeg fort\u00e6lle.<\/p>\n","protected":false},"excerpt":{"rendered":"<p>Vinterferien \u00e5r 2000 gik til\u00a0Gol\u00e5\u00a0i Norge Dette er den lejede hytte i Gol\u00e5, eller G\u00e5l\u00e5, det ikke \u00f8nskede bedes overstreges. Det ser meget fredfyldt og ensomt ud. Fredfyldt var det, men ikke ensomt. Den n\u00e6rmeste anden hytte ligger ca. 10 m v\u00e6k. Som man ser af det skematiske kort nedenfor, er der ca. 50 hytter [&hellip;]<\/p>\n","protected":false},"author":1,"featured_media":0,"parent":0,"menu_order":0,"comment_status":"closed","ping_status":"closed","template":"","meta":{"footnotes":""},"class_list":["post-72","page","type-page","status-publish","hentry"],"_links":{"self":[{"href":"https:\/\/birkerod-larsen.dk\/index.php?rest_route=\/wp\/v2\/pages\/72","targetHints":{"allow":["GET"]}}],"collection":[{"href":"https:\/\/birkerod-larsen.dk\/index.php?rest_route=\/wp\/v2\/pages"}],"about":[{"href":"https:\/\/birkerod-larsen.dk\/index.php?rest_route=\/wp\/v2\/types\/page"}],"author":[{"embeddable":true,"href":"https:\/\/birkerod-larsen.dk\/index.php?rest_route=\/wp\/v2\/users\/1"}],"replies":[{"embeddable":true,"href":"https:\/\/birkerod-larsen.dk\/index.php?rest_route=%2Fwp%2Fv2%2Fcomments&post=72"}],"version-history":[{"count":6,"href":"https:\/\/birkerod-larsen.dk\/index.php?rest_route=\/wp\/v2\/pages\/72\/revisions"}],"predecessor-version":[{"id":169,"href":"https:\/\/birkerod-larsen.dk\/index.php?rest_route=\/wp\/v2\/pages\/72\/revisions\/169"}],"wp:attachment":[{"href":"https:\/\/birkerod-larsen.dk\/index.php?rest_route=%2Fwp%2Fv2%2Fmedia&parent=72"}],"curies":[{"name":"wp","href":"https:\/\/api.w.org\/{rel}","templated":true}]}}